{"id":209,"date":"2021-09-15T22:03:14","date_gmt":"2021-09-15T20:03:14","guid":{"rendered":"https:\/\/www.sterrenkunde.nl\/?page_id=209"},"modified":"2026-04-28T10:35:27","modified_gmt":"2026-04-28T08:35:27","slug":"cyberspace","status":"publish","type":"page","link":"https:\/\/www.sterrenkunde.nl\/jwg\/cyberspace\/","title":{"rendered":"Afdeling Cyberspace"},"content":{"rendered":"\n<figure class=\"wp-block-image size-large\"><img loading=\"lazy\" decoding=\"async\" width=\"2560\" height=\"1441\" src=\"https:\/\/www.sterrenkunde.nl\/jwg\/wp-content\/uploads\/2023\/06\/adi-goldstein-EUsVwEOsblE-unsplash-edited-1-scaled.jpg\" alt=\"Cyberspace banner\" class=\"wp-image-3430\" srcset=\"https:\/\/www.sterrenkunde.nl\/jwg\/wp-content\/uploads\/2023\/06\/adi-goldstein-EUsVwEOsblE-unsplash-edited-1-scaled.jpg 2560w, https:\/\/www.sterrenkunde.nl\/jwg\/wp-content\/uploads\/2023\/06\/adi-goldstein-EUsVwEOsblE-unsplash-edited-1-scaled-750x422.jpg 750w, https:\/\/www.sterrenkunde.nl\/jwg\/wp-content\/uploads\/2023\/06\/adi-goldstein-EUsVwEOsblE-unsplash-edited-1-300x169.jpg 300w, https:\/\/www.sterrenkunde.nl\/jwg\/wp-content\/uploads\/2023\/06\/adi-goldstein-EUsVwEOsblE-unsplash-edited-1-1024x576.jpg 1024w, https:\/\/www.sterrenkunde.nl\/jwg\/wp-content\/uploads\/2023\/06\/adi-goldstein-EUsVwEOsblE-unsplash-edited-1-768x432.jpg 768w, https:\/\/www.sterrenkunde.nl\/jwg\/wp-content\/uploads\/2023\/06\/adi-goldstein-EUsVwEOsblE-unsplash-edited-1-1536x864.jpg 1536w, https:\/\/www.sterrenkunde.nl\/jwg\/wp-content\/uploads\/2023\/06\/adi-goldstein-EUsVwEOsblE-unsplash-edited-1-2048x1153.jpg 2048w, https:\/\/www.sterrenkunde.nl\/jwg\/wp-content\/uploads\/2023\/06\/adi-goldstein-EUsVwEOsblE-unsplash-edited-1-1568x882.jpg 1568w\" sizes=\"auto, (max-width: 2560px) 100vw, 2560px\" \/><\/figure>\n\n\n\n<h2 class=\"wp-block-heading\">Algemene Informatie<\/h2>\n\n\n\n<p>Afdeling Cyberspace was opgericht tijdens corona. Sindsdien word er elke maand een bijeenkomst gehouden met allemaal leuke en interessante praatjes. De bijeenkomsten vinden plaats online via zoom.<\/p>\n\n\n\n<h2 class=\"wp-block-heading\" id=\"aanmelden\">Aanmelden<\/h2>\n\n\n\n<p><strong>Om de bijeenkomsten bij te wonen dien je je aan te melden!<\/strong><br>De online bijeenkomsten vinden plaats via Zoom, een website \/ app die bedoeld is voor videobellen en online conferenties. Je ontvangt uitnodigingen van ons via e-mail.<\/p>\n\n\n\n<div class=\"wp-block-buttons is-layout-flex wp-block-buttons-is-layout-flex\">\n<div class=\"wp-block-button has-custom-width wp-block-button__width-50\"><a class=\"wp-block-button__link wp-element-button\" href=\"https:\/\/forms.gle\/wmJtDVFxZ4b6ieTo7\">Meld je aan!<\/a><\/div>\n<\/div>\n\n\n\n<p>Aanmelden kan tot \u00e9\u00e9n dag voor de bijeenkomst.<br>Meer informatie over het gebruik van zoom vind je <a href=\"https:\/\/www.sterrenkunde.nl\/jwg\/zoom\/\" target=\"_blank\" rel=\"noreferrer noopener\">hier<\/a>.<\/p>\n\n\n\n<h4 class=\"wp-block-heading has-large-font-size\">Data 2026:<\/h4>\n\n\n\n<p class=\"has-small-font-size\">Alle bijeenkomsten zijn van 19:00 tot 20:00, tenzij anders vermeld.<\/p>\n\n\n\n<ul class=\"wp-block-list\">\n<li><strong>10 januari &#8211; <\/strong>door Wout Goesaert<\/li>\n\n\n\n<li><strong>8 februari<\/strong> &#8211; door Gaia Becker<\/li>\n\n\n\n<li><strong>7 maart &#8211; <\/strong>door Simon<\/li>\n\n\n\n<li><strong>11 april &#8211; <\/strong>door Victor<\/li>\n\n\n\n<li><strong>2 mei &#8211;<\/strong> door Ilva Noa<\/li>\n\n\n\n<li style=\"padding-top:0;padding-bottom:0\"><strong>6 juni<\/strong><\/li>\n<\/ul>\n\n\n\n<h2 class=\"wp-block-heading\">Volgende bijeenkomst:<\/h2>\n\n\n\n<h2 class=\"wp-block-heading\">2 mei &#8211; Buitenaards leven<\/h2>\n\n\n\n<figure class=\"wp-block-image size-full\"><img loading=\"lazy\" decoding=\"async\" width=\"293\" height=\"172\" src=\"https:\/\/www.sterrenkunde.nl\/jwg\/wp-content\/uploads\/2026\/04\/image-2.png\" alt=\"\" class=\"wp-image-6569\"\/><\/figure>\n\n\n\n<p>Misschien hebben jullie recent de film Project Hail Mary gezien, met daarin een heel intelligente vorm van buitenaards leven. Maar is dit mogelijk? Zo ja, wat is daar allemaal voor nodig (zover we nu weten)?<\/p>\n\n\n\n<p><strong>Spreker: <\/strong>Ilva Noa is over vele koters kampleiding geweest en een ervaren spreker bij de JWG. Met haar kennis over microbiologie zal zij komende zaterdag vertellen over buitenaards leven en wat daar bij komt kijken. Tot dan!<\/p>\n\n\n\n<h2 class=\"wp-block-heading\">Afgelopen bijeenkomsten:<\/h2>\n\n\n<h2 class=\"wp-block-post-title\">Afdeling Cyberspace<\/h2>\n\n\n<h2 class=\"wp-block-heading\">11 april &#8211; Reuzeplaneten<\/h2>\n\n\n\n<figure class=\"wp-block-image size-full is-resized\"><img loading=\"lazy\" decoding=\"async\" width=\"270\" height=\"187\" src=\"https:\/\/www.sterrenkunde.nl\/jwg\/wp-content\/uploads\/2026\/04\/image-1.png\" alt=\"\" class=\"wp-image-6470\" style=\"width:287px;height:auto\"\/><\/figure>\n\n\n\n<p>In de verre delen van ons zonnestelsel lijkt de Aarde maar nietig in vergelijking met de gasreuzen Jupiter en Saturnus. Ook de ijsreuzen Neptunus en Uranus zijn extreem anders dan het wereldje wat we kennen. Tijdens dit praatje gaan we op reis naar deze reuzeplaneten en vele anderen om meer te leren over hun ontstaan en hun samenstelling. Daarnaast is er nog een hele interessante vraag: zouden wij kunnen leven in, op of rondom een gasplaneet? Of is er uberhaupt leven mogelijk daar?<\/p>\n\n\n\n<p><strong>Spreker: <\/strong>Victor is een oud-leiding die nog graag de extremen in de sterrenkunde blijft uitzoeken. Hij heeft wiskunde gestudeerd in Enschede en werkt nu bij een softwarebedrijf in Nijmegen.<\/p>\n\n\n\n<h2 class=\"wp-block-heading\">8 februari &#8211; Supernova&#8217;s<\/h2>\n\n\n\n<figure class=\"wp-block-image size-full\"><img loading=\"lazy\" decoding=\"async\" width=\"225\" height=\"225\" src=\"https:\/\/www.sterrenkunde.nl\/jwg\/wp-content\/uploads\/2026\/01\/image.png\" alt=\"\" class=\"wp-image-6263\" srcset=\"https:\/\/www.sterrenkunde.nl\/jwg\/wp-content\/uploads\/2026\/01\/image.png 225w, https:\/\/www.sterrenkunde.nl\/jwg\/wp-content\/uploads\/2026\/01\/image-150x150.png 150w\" sizes=\"auto, (max-width: 225px) 100vw, 225px\" \/><\/figure>\n\n\n\n<p><strong>Spreker:<\/strong> Gaia Becker<\/p>\n\n\n\n<p>Grote explosies: boem! Kunnen we er iets mee?<br>Supernovae zijn de grootste explosies in ons universum. Het zijn verwoestende gebeurtenissen die delen van hun omgeving helemaal kapotmaken. In het jaar 1054 was een supernova zelfs 23 dagen lang overdag (!) zichtbaar vanaf de aarde. Vandaag is hiervan nog de krabnevel van te zien.<\/p>\n\n\n\n<p>Hoewel supernovae extreem gewelddadig zijn, met energie\u00ebn die vergelijkbaar zijn met tientallen kernexplosies per seconde, spelen zij een cruciale rol in het ontstaan van leven. Zo vormen zij de zware metalen voorbij ijzer zoals goud, zilver en lood. Dit zijn metalen die cruciaal zijn voor planeten, technologie en leven!<\/p>\n\n\n\n<p>Een supernova ontstaat natuurlijk niet zomaar, zo vormen zij wanneer een zware ster ineenstort of wanneer een witte dwerg voorbij zijn maximale stabiele gewicht gaat. Op basis hiervan onderscheiden sterrenkundigen drie soorten supernovae. Een van deze typen, de Ia-supernova, helpt sterrenkundigen zelfs met het bepalen van afstanden in de ruimte.<\/p>\n\n\n\n<h2 class=\"wp-block-heading\">10 januari &#8211; Hoe voed je een supermassief zwart gat?<\/h2>\n\n\n\n<figure class=\"wp-block-image size-full\"><img loading=\"lazy\" decoding=\"async\" width=\"225\" height=\"225\" src=\"https:\/\/www.sterrenkunde.nl\/jwg\/wp-content\/uploads\/2025\/12\/image-1.png\" alt=\"\" class=\"wp-image-6173\" srcset=\"https:\/\/www.sterrenkunde.nl\/jwg\/wp-content\/uploads\/2025\/12\/image-1.png 225w, https:\/\/www.sterrenkunde.nl\/jwg\/wp-content\/uploads\/2025\/12\/image-1-150x150.png 150w\" sizes=\"auto, (max-width: 225px) 100vw, 225px\" \/><\/figure>\n\n\n\n<p>Met data van de ALMA radiotelescoop hebben we het meest directe bewijs gevonden van gas dat naar een superzwaar zwart gat stroomt op schalen van slechts een paar lichtjaar. We vonden dat het zwarte gat gevoed wordt via spiraalarmen die zich uitstrekken van de omringende regio tot aan een donutvormige structuur rond het zwarte gat. Gas beweegt zich langs deze armen naar binnen met snelheden tot 150.000 km\/u. Verrassend genoeg is dit voedingsproces erg ineffici\u00ebnt: minder dan 8% van het invallende materiaal wordt uiteindelijk door het zwarte gat opgeslokt. Het grootste deel wordt uit het gebied binnen de donut verdreven en terug het sterrenstelsel in geslingerd. Voor het eerst konden we ook ver genoeg inzoomen om het gebied te zien waar dit materiaal wordt gelanceerd.<\/p>\n\n\n\n<p><strong>Spreker: <\/strong>Wout Goesaert is al sinds zijn achtste lid van JVS-Descartes, een soort Belgische JWG. Hij is naar Nederland gekomen om sterrenkunde te studeren in Leiden, en doet daar nu ook een PhD. Voor die PhD doet hij onderzoek naar de evolutie van sterrenstelsels met de James Webb ruimtetelescoop.<\/p>\n\n\n\n<h2 class=\"wp-block-heading\">6 december &#8211; Exoplaneten<\/h2>\n\n\n\n<figure class=\"wp-block-image size-full is-resized\"><img loading=\"lazy\" decoding=\"async\" width=\"300\" height=\"168\" src=\"https:\/\/www.sterrenkunde.nl\/jwg\/wp-content\/uploads\/2025\/11\/images.jpeg\" alt=\"\" class=\"wp-image-6077\" style=\"width:553px;height:auto\"\/><\/figure>\n\n\n\n<p>We kennen allemaal de acht planeten rondom de zon, maar hebben jullie wel eens van 2M1510 (AB) b gehoord?<br>Exoplaneten zijn planeten rondom sterren anders dan de zon. We weten inmiddels dat er behoorlijk veel van zijn. Helaas zijn onze telescopen (nog) niet goed genoeg om te zien hoe het er daar precies aan toe gaat. Wel zien we dat ze zich in verschrikkelijk veel omstandigheden bevinden.<\/p>\n\n\n\n<p>Een atmosfeer van goud, wolken van suiker, rivieren van zout, alles lijkt mogelijk. Wat hebben we allemaal al gezien, wat kunnen we nog verwachten, en zou er leven kunnen zijn? Daarover gaan we het hebben.<\/p>\n\n\n\n<p><strong>Spreker:<\/strong> Cyrano is een oud-leiding die graag nog af en toe aan een telescoop rommelt. Hij heeft natuur- en sterrenkunde gestudeerd in Utrecht en geeft nu&nbsp;natuurkundeles.<\/p>\n\n\n\n<h2 class=\"wp-block-heading\">1 november 2025 &#8211; Planetaire nevels<\/h2>\n\n\n\n<figure class=\"wp-block-image size-full is-resized\"><img loading=\"lazy\" decoding=\"async\" width=\"300\" height=\"168\" src=\"https:\/\/www.sterrenkunde.nl\/jwg\/wp-content\/uploads\/2025\/10\/Untitled.jpeg\" alt=\"\" class=\"wp-image-6056\" style=\"width:393px;height:auto\"\/><\/figure>\n\n\n\n<p>De zon lijkt een oneindige hoeveelheid warmte en licht uit te stralen, maar stiekem houdt dat ook een keer op. Wat gebeurt er als de brandstof van een ster op is? En wat voor lot staat onze zon eigenlijk te wachten? In dit praatje vertelt Wietse over de fascinerende wereld van supernova&#8217;s, zwarte gaten, neutronensterren en nog veel meer objecten die uit een opgebrande&nbsp;ster&nbsp;ontstaan.<\/p>\n\n\n\n<p><strong>Spreker<\/strong>: Wietse is natuur- en sterrenkundestudent en kampleiding bij de JWG. Verder maakt hij in zijn vrije tijd graag astrofoto&#8217;s van nevels en sterrenstelsels.<\/p>\n\n\n\n<h2 class=\"wp-block-heading\">6 september 2025 &#8211; Relativiteit<\/h2>\n\n\n\n<figure class=\"wp-block-image size-full is-resized\"><img loading=\"lazy\" decoding=\"async\" width=\"262\" height=\"193\" src=\"https:\/\/www.sterrenkunde.nl\/jwg\/wp-content\/uploads\/2025\/08\/Untitled.jpg\" alt=\"\" class=\"wp-image-5899\" style=\"width:313px;height:auto\"\/><\/figure>\n\n\n\n<p>Relativiteit: een van die onderwerpen die extreem lastig is en waar je niets aan hebt in het dagelijks leven. Toch? Niet dus! In dit praatje vertelt Thijs niet alleen wat relativiteit is en hoe het werkt, maar ook vooral over hoe we dit stukje natuurkunde toch echt regelmatig&nbsp;gebruiken.<\/p>\n\n\n\n<p><strong>Spreker:<\/strong> Thijs Desain is een oudgediende van de JWG en is al sinds 2014 leiding op jongerenkamp. Die heeft in al die tijd al veel praatjes gegeven, en is in het dagelijks leven docent natuurkunde op een middelbare school in Amsterdam.<\/p>\n\n\n\n<h2 class=\"wp-block-heading\">7 juni 2025- Op reis naar Mars<\/h2>\n\n\n\n<figure class=\"wp-block-image size-full is-resized\"><img loading=\"lazy\" decoding=\"async\" width=\"474\" height=\"474\" src=\"https:\/\/www.sterrenkunde.nl\/jwg\/wp-content\/uploads\/2025\/05\/th-3421269933.jpeg\" alt=\"\" class=\"wp-image-5756\" style=\"width:234px;height:auto\" srcset=\"https:\/\/www.sterrenkunde.nl\/jwg\/wp-content\/uploads\/2025\/05\/th-3421269933.jpeg 474w, https:\/\/www.sterrenkunde.nl\/jwg\/wp-content\/uploads\/2025\/05\/th-3421269933-300x300.jpeg 300w, https:\/\/www.sterrenkunde.nl\/jwg\/wp-content\/uploads\/2025\/05\/th-3421269933-150x150.jpeg 150w\" sizes=\"auto, (max-width: 474px) 100vw, 474px\" \/><\/figure>\n\n\n\n<p>Gaan we op reis naar Mars? En gaan we er zelfs wonen? Sommigen zeggen van wel, dat de eerste Marsbewoner nu al is geboren. Maar de reis zal lang en moeilijk zijn. Kunnen we deze uitdaging wel aan? En&#8230; waarom zouden we eigenlijk??<\/p>\n\n\n\n<p><strong>Spreker:<\/strong> Jeffrey Bout is een ervaren spreker, sterrenkundige en eigenaar van de website <a href=\"http:\/\/sterrenkundevoorjou.nl\">sterrenkundevoorjou.nl<\/a>! Hij geeft lessen en lezingen over sterrenkunde en ruimtevaart voor vele scholen en vereniging in Noord-Nederland o.a. als gastdocent maar komende maand ook bij afdeling Cyberspace!<\/p>\n\n\n\n<h2 class=\"wp-block-heading\">3 mei 2025 &#8211; Sterrenkijken op een vulkaan<\/h2>\n\n\n\n<figure class=\"wp-block-image size-full is-resized\"><img loading=\"lazy\" decoding=\"async\" width=\"276\" height=\"183\" src=\"https:\/\/www.sterrenkunde.nl\/jwg\/wp-content\/uploads\/2025\/10\/Untitled-1.jpeg\" alt=\"\" class=\"wp-image-6057\" style=\"width:373px;height:auto\"\/><\/figure>\n\n\n\n<p>De slapende vulkaan Maunakea op Hawai\u2019i is een van de beste plekken ter wereld om naar de sterren te kijken. Waarom is deze plek zo goed? En welke ontdekkingen worden hier allemaal gedaan? In dit praatje ontdek je hoe de telescopen op Maunakea (met spiegels zo groot als je woonkamer) werken en hoe wetenschappers hiermee het heelal onderzoeken. Benieuwd hoe we &#8217;s nachts de geheimen van de kosmos ontrafelen?<\/p>\n\n\n\n<h2 class=\"wp-block-heading\">12 april 2025 &#8211; Coronagrafen<\/h2>\n\n\n\n<figure class=\"wp-block-image size-full is-resized\"><img loading=\"lazy\" decoding=\"async\" width=\"640\" height=\"213\" src=\"https:\/\/www.sterrenkunde.nl\/jwg\/wp-content\/uploads\/2025\/03\/PIA26279small.jpg\" alt=\"\" class=\"wp-image-5689\" style=\"width:780px;height:auto\" srcset=\"https:\/\/www.sterrenkunde.nl\/jwg\/wp-content\/uploads\/2025\/03\/PIA26279small.jpg 640w, https:\/\/www.sterrenkunde.nl\/jwg\/wp-content\/uploads\/2025\/03\/PIA26279small-300x100.jpg 300w\" sizes=\"auto, (max-width: 640px) 100vw, 640px\" \/><\/figure>\n\n\n\n<p><strong>Spreker: <\/strong>Fedde Fagginger Auer<\/p>\n\n\n\n<p>Wat als je wil zien wat er vlak bij een ster gebeurt, zoals het ontstaan van een nieuw zonnestelsel? Sterren zijn veel helderder dan alles in hun buurt, dus je moet slim zijn om iets naast ze te kunnen zien. Fedde Fagginger Auer komt vertellen over coronagrafen, hoe we met licht kunnen spelen om proto-planetaire schijven en planeten rond andere sterren te zien. We zullen twee voorbeelden van coronagrafen bestuderen: eentje geinspireerd door zonsverduisteringen en eentje die subtiel een bundel licht vervormt zodat er vlak naast de ster een donker stuk komt om planete<\/p>\n\n\n\n<h2 class=\"wp-block-heading\">8 maart 2025 &#8211; Op reis naar de beste vakantieplaneet!<\/h2>\n\n\n\n<p><strong>Spreker:<\/strong> reisbureau Cyberspace<\/p>\n\n\n\n<p>Het is het jaar 40.000. Eindelijk is het zomervakantie! De mens heeft elke planeet in de ruimte bezocht en jaarlijks gaan er miljarden (ja, de populatie is erg gegroeid) mensen op reis naar een exoplaneet. Er zijn natuurlijk miljarden en miljarden planeten in het heelal, maar je kan maar \u00e9\u00e9n bezoeken. Bij welke (exo)planeet neem jij een kijkje? Verschillende reisbureaus willen maar al te graag dat je hun reis naar een andere wereld koopt en daarom presenteren ze \u00e9\u00e9n voor \u00e9\u00e9n hun lievelings-exoplaneet. Als elk reisbureau over hun exoplaneet heeft kunnen praten, kiezen alle deelnemers samen, door te stemmen, welke exoplaneet het best geschikt is voor een vakantiereis!<\/p>\n\n\n\n<h2 class=\"wp-block-heading\">1 februari 2025 &#8211; Protoplanetaire schijven: de plek waar planeten ontstaan!<\/h2>\n\n\n\n<figure class=\"wp-block-image size-full is-resized\"><img loading=\"lazy\" decoding=\"async\" width=\"800\" height=\"534\" src=\"https:\/\/www.sterrenkunde.nl\/jwg\/wp-content\/uploads\/2025\/01\/Protoplanetary_disk.jpg\" alt=\"\" class=\"wp-image-5501\" style=\"width:448px;height:auto\" srcset=\"https:\/\/www.sterrenkunde.nl\/jwg\/wp-content\/uploads\/2025\/01\/Protoplanetary_disk.jpg 800w, https:\/\/www.sterrenkunde.nl\/jwg\/wp-content\/uploads\/2025\/01\/Protoplanetary_disk-300x200.jpg 300w, https:\/\/www.sterrenkunde.nl\/jwg\/wp-content\/uploads\/2025\/01\/Protoplanetary_disk-768x513.jpg 768w, https:\/\/www.sterrenkunde.nl\/jwg\/wp-content\/uploads\/2025\/01\/Protoplanetary_disk-750x501.jpg 750w\" sizes=\"auto, (max-width: 800px) 100vw, 800px\" \/><\/figure>\n\n\n\n<p><strong>Spreker<\/strong>: Marissa Vlasblom<\/p>\n\n\n\n<p>We weten inmiddels dat er om vrijwel alle sterren in de ruimte planeten draaien, maar hoe komen die daar? In dit praatje zal ik je meenemen door het ontstaan van sterren en hoe uit protoplanetaire schijven, de materie die zich rondom jonge vormende sterren bevindt, planeten ontstaan. Hoe observeren we deze schijven, en kunnen we hier ook daadwerkelijk vormende planeten in zien? En wat kunnen we leren van (ruimte)telescopen zoals de James Webb Space Telescope over de mogelijke samenstelling van&nbsp;deze&nbsp;planeten?<\/p>\n\n\n\n<p><strong>2 maart 2024<\/strong> &#8211; Het ontstaan van leven<\/p>\n\n\n\n<figure class=\"wp-block-image size-full is-resized\"><img loading=\"lazy\" decoding=\"async\" width=\"1024\" height=\"577\" src=\"https:\/\/www.sterrenkunde.nl\/jwg\/wp-content\/uploads\/2025\/01\/image.png\" alt=\"\" class=\"wp-image-5498\" style=\"width:492px;height:auto\" srcset=\"https:\/\/www.sterrenkunde.nl\/jwg\/wp-content\/uploads\/2025\/01\/image.png 1024w, https:\/\/www.sterrenkunde.nl\/jwg\/wp-content\/uploads\/2025\/01\/image-750x423.png 750w, https:\/\/www.sterrenkunde.nl\/jwg\/wp-content\/uploads\/2025\/01\/image-300x169.png 300w, https:\/\/www.sterrenkunde.nl\/jwg\/wp-content\/uploads\/2025\/01\/image-768x433.png 768w\" sizes=\"auto, (max-width: 1024px) 100vw, 1024px\" \/><\/figure>\n\n\n\n<p>Hoe is de aarde ontstaan, en hoe heeft haar ontstaan leven mogelijk gemaakt? Hoe ziet een ideale leefomgeving er uit en is onze aarde dan echt de enige? Wat is er allemaal nodig voor complex leven? Ilva Noa zal verder ingaan op wat leven is en hoe we als levende wezens misschien planeten en manen in onze omgeving zouden kunnen bewonen. Terraforming klinkt nu nog als science fiction, maar misschien is er meer mogelijk dan je denkt!<\/p>\n\n\n\n<p><strong>13 januari 2024<\/strong> &#8211; Kernfusie<\/p>\n\n\n\n<figure class=\"wp-block-image size-full is-resized\"><img loading=\"lazy\" decoding=\"async\" width=\"1024\" height=\"576\" src=\"https:\/\/www.sterrenkunde.nl\/jwg\/wp-content\/uploads\/2025\/01\/image-3.png\" alt=\"\" class=\"wp-image-5504\" style=\"width:511px;height:auto\" srcset=\"https:\/\/www.sterrenkunde.nl\/jwg\/wp-content\/uploads\/2025\/01\/image-3.png 1024w, https:\/\/www.sterrenkunde.nl\/jwg\/wp-content\/uploads\/2025\/01\/image-3-300x169.png 300w, https:\/\/www.sterrenkunde.nl\/jwg\/wp-content\/uploads\/2025\/01\/image-3-768x432.png 768w, https:\/\/www.sterrenkunde.nl\/jwg\/wp-content\/uploads\/2025\/01\/image-3-750x422.png 750w\" sizes=\"auto, (max-width: 1024px) 100vw, 1024px\" \/><\/figure>\n\n\n\n<p>Waarom brand een ster? Waarom komt er licht van de zon?<br>Als zwaartekracht zo belangrijk is, en sterren zo zwaar, waarom storten sterren dan niet in?<\/p>\n\n\n\n<p>Dit heeft allemaal te maken met fusie. Soms hoor je misschien wel eens iets over energietekort, maar de zon wekt veel meer energie op dan we zelf nodig hebben.<br>Kunnen we dat nadoen?<br>Kom naar dit praatje en leer wat fusie is en hoe het werkt! Wist je bijvoorbeeld, dat niet alle sterren dit op dezelfde manier doen?<\/p>\n","protected":false},"excerpt":{"rendered":"<p>Algemene Informatie Afdeling Cyberspace was opgericht tijdens corona. Sindsdien word er elke maand een bijeenkomst gehouden met allemaal leuke en interessante praatjes. De bijeenkomsten vinden plaats online via zoom. Aanmelden Om de bijeenkomsten bij te wonen dien je je aan te melden!De online bijeenkomsten vinden plaats via Zoom, een website \/ app die bedoeld is<a class=\"more-link\" href=\"https:\/\/www.sterrenkunde.nl\/jwg\/cyberspace\/\">Meer lezen over <span class=\"screen-reader-text\">&#8220;Afdeling Cyberspace&#8221;<\/span><\/a><\/p>\n","protected":false},"author":2,"featured_media":0,"parent":0,"menu_order":1,"comment_status":"closed","ping_status":"closed","template":"","meta":{"footnotes":""},"class_list":["post-209","page","type-page","status-publish","hentry","entry"],"_links":{"self":[{"href":"https:\/\/www.sterrenkunde.nl\/jwg\/wp-json\/wp\/v2\/pages\/209","targetHints":{"allow":["GET"]}}],"collection":[{"href":"https:\/\/www.sterrenkunde.nl\/jwg\/wp-json\/wp\/v2\/pages"}],"about":[{"href":"https:\/\/www.sterrenkunde.nl\/jwg\/wp-json\/wp\/v2\/types\/page"}],"author":[{"embeddable":true,"href":"https:\/\/www.sterrenkunde.nl\/jwg\/wp-json\/wp\/v2\/users\/2"}],"replies":[{"embeddable":true,"href":"https:\/\/www.sterrenkunde.nl\/jwg\/wp-json\/wp\/v2\/comments?post=209"}],"version-history":[{"count":94,"href":"https:\/\/www.sterrenkunde.nl\/jwg\/wp-json\/wp\/v2\/pages\/209\/revisions"}],"predecessor-version":[{"id":6571,"href":"https:\/\/www.sterrenkunde.nl\/jwg\/wp-json\/wp\/v2\/pages\/209\/revisions\/6571"}],"wp:attachment":[{"href":"https:\/\/www.sterrenkunde.nl\/jwg\/wp-json\/wp\/v2\/media?parent=209"}],"curies":[{"name":"wp","href":"https:\/\/api.w.org\/{rel}","templated":true}]}}